{"id":1397,"date":"2016-07-24T02:43:11","date_gmt":"2016-07-24T02:43:11","guid":{"rendered":"http:\/\/themesgavias.com\/wp\/oxpitan\/?page_id=1397"},"modified":"2022-05-08T14:36:03","modified_gmt":"2022-05-08T11:36:03","slug":"sponsors","status":"publish","type":"page","link":"https:\/\/www.crucearosie2.ro\/?page_id=1397","title":{"rendered":"Sponsori"},"content":{"rendered":"\t\t<div data-elementor-type=\"wp-post\" data-elementor-id=\"1397\" class=\"elementor elementor-1397\" data-elementor-settings=\"[]\">\n\t\t\t\t\t\t\t<div class=\"elementor-section-wrap\">\n\t\t\t\t\t\t\t<section class=\"elementor-section elementor-top-section elementor-element elementor-element-8bd6a5a elementor-section-boxed elementor-section-height-default elementor-section-height-default\" data-id=\"8bd6a5a\" data-element_type=\"section\">\n\t\t\t\t\t\t<div class=\"elementor-container elementor-column-gap-default\">\n\t\t\t\t\t<div class=\"elementor-column elementor-col-33 elementor-top-column elementor-element elementor-element-37e9668 column-style-top column-top\" data-id=\"37e9668\" data-element_type=\"column\">\n\t\t\t<div class=\"elementor-widget-wrap elementor-element-populated\">\n\t\t\t\t\t\t\t\t<div class=\"elementor-element elementor-element-d885b0c elementor-widget elementor-widget-image\" data-id=\"d885b0c\" data-element_type=\"widget\" data-widget_type=\"image.default\">\n\t\t\t\t<div class=\"elementor-widget-container\">\n\t\t\t\t\t\t\t\t\t\t\t\t\t\t\t<img loading=\"lazy\" decoding=\"async\" width=\"163\" height=\"157\" src=\"https:\/\/www.crucearosie2.ro\/wp-content\/uploads\/2021\/07\/image002.png\" class=\"attachment-large size-large\" alt=\"\" \/>\t\t\t\t\t\t\t\t\t\t\t\t\t\t\t<\/div>\n\t\t\t\t<\/div>\n\t\t\t\t\t<\/div>\n\t\t<\/div>\n\t\t\t\t<div class=\"elementor-column elementor-col-66 elementor-top-column elementor-element elementor-element-4660e45 column-style-top column-top\" data-id=\"4660e45\" data-element_type=\"column\">\n\t\t\t<div class=\"elementor-widget-wrap elementor-element-populated\">\n\t\t\t\t\t\t\t\t<div class=\"elementor-element elementor-element-768bc09 elementor-widget elementor-widget-text-editor\" data-id=\"768bc09\" data-element_type=\"widget\" data-widget_type=\"text-editor.default\">\n\t\t\t\t<div class=\"elementor-widget-container\">\n\t\t\t\t\t\t\t\t<p><strong>JOSI &#8211; LOGISTIC &#8211; <a href=\"https:\/\/josi.ro\">josi.ro<\/a><\/strong><\/p><p>Josi \u2013Logistic reprezinta un grup de firme, cu capital 100% romanesc, cu potential mare si ambitii pe masura. Proiectul a luat fiinta in anul 2005, ca o afacere de familie si in scurt timp investitia in factorul uman a devenit foarte importanta, societatea avand in prezent un numar de peste 60 de angajati.<br \/>Datorita bunei organizari a departamentului comercial, Josi a devenit in scurt timp unul dintre principalii furnizori de produse pe piata locala. Pe langa acestea, firma noastra distribuie si produse precum: oua proaspete, ulei, diverse sortimente de masline. Produsele noastre indeplinesc nevoile si asteptarile consumatorilor de azi.<br \/>Incepand cu anul 2008, societatea noastra si-a marit gama de produse prin importuri din Bulgaria, Grecia Polonia, Germania, reusind sa patrunda pe piata cu o serie de produse noi care au fost imediat apreciate de clienti \u2013 datorita gustului bun si a calitatii superioare.<\/p>\t\t\t\t\t\t<\/div>\n\t\t\t\t<\/div>\n\t\t\t\t\t<\/div>\n\t\t<\/div>\n\t\t\t\t\t\t\t<\/div>\n\t\t<\/section>\n\t\t\t\t<section class=\"elementor-section elementor-top-section elementor-element elementor-element-8a2f3ff elementor-section-boxed elementor-section-height-default elementor-section-height-default\" data-id=\"8a2f3ff\" data-element_type=\"section\">\n\t\t\t\t\t\t<div class=\"elementor-container elementor-column-gap-default\">\n\t\t\t\t\t<div class=\"elementor-column elementor-col-33 elementor-top-column elementor-element elementor-element-bc90276 column-style-top column-top\" data-id=\"bc90276\" data-element_type=\"column\">\n\t\t\t<div class=\"elementor-widget-wrap elementor-element-populated\">\n\t\t\t\t\t\t\t\t<div class=\"elementor-element elementor-element-4b2f55f elementor-widget elementor-widget-image\" data-id=\"4b2f55f\" data-element_type=\"widget\" data-widget_type=\"image.default\">\n\t\t\t\t<div class=\"elementor-widget-container\">\n\t\t\t\t\t\t\t\t\t\t\t\t\t\t\t<img loading=\"lazy\" decoding=\"async\" width=\"237\" height=\"70\" src=\"https:\/\/www.crucearosie2.ro\/wp-content\/uploads\/2021\/08\/prime1-1.jpg\" class=\"attachment-large size-large\" alt=\"\" \/>\t\t\t\t\t\t\t\t\t\t\t\t\t\t\t<\/div>\n\t\t\t\t<\/div>\n\t\t\t\t\t<\/div>\n\t\t<\/div>\n\t\t\t\t<div class=\"elementor-column elementor-col-66 elementor-top-column elementor-element elementor-element-c060f4e column-style-top column-top\" data-id=\"c060f4e\" data-element_type=\"column\">\n\t\t\t<div class=\"elementor-widget-wrap elementor-element-populated\">\n\t\t\t\t\t\t\t\t<div class=\"elementor-element elementor-element-18ae9d6 elementor-widget elementor-widget-text-editor\" data-id=\"18ae9d6\" data-element_type=\"widget\" data-widget_type=\"text-editor.default\">\n\t\t\t\t<div class=\"elementor-widget-container\">\n\t\t\t\t\t\t\t\t<p><strong>PRIME TELECOM &#8211; <a href=\"https:\/\/primetelecom.ro\">www.primetelecom.ro<\/a><\/strong><\/p>\n<p>\u00cen prezent, Prime Telecom se pozi\u021bioneaz\u0103 pe pia\u021ba rom\u00e2neasca de telecomunica\u021bii ca un operator independent ce ofer\u0103 solu\u021bii de telecomunica\u021bii complete, de la acces Internet \u0219i telefonie la servicii de transport date Ethernet\/SDH, cablare structurat\u0103, p\u00e2n\u0103 la proiecte complexe de supraveghere video, control acces sau solu\u021bii de iluminat cu led.<\/p>\n<p>Prime Telecom a dezvoltat un portofoliu solid de clienti din diverse sectoare, precum telecomunica\u021bii, IT, financiar-bancar, industria farmaceutic\u0103, media etc. De asemenea, printre clientii Prime Telecom se numar\u0103 organiza\u021bii guvernamentale, autorit\u0103\u021bi locale, institu\u021bii de \u00eenv\u0103\u021b\u0103m\u00e2nt \u0219i culturale.<\/p>\t\t\t\t\t\t<\/div>\n\t\t\t\t<\/div>\n\t\t\t\t\t<\/div>\n\t\t<\/div>\n\t\t\t\t\t\t\t<\/div>\n\t\t<\/section>\n\t\t\t\t\t\t<\/div>\n\t\t\t\t\t<\/div>\n\t\t","protected":false},"excerpt":{"rendered":"<p>JOSI &#8211; LOGISTIC &#8211; josi.ro Josi \u2013Logistic reprezinta un grup de firme, cu capital 100% romanesc, cu potential mare si ambitii pe masura. Proiectul a luat fiinta in anul 2005, ca o afacere de familie si in scurt timp investitia in factorul uman a devenit foarte importanta, societatea avand in prezent un numar de peste [&hellip;]<\/p>\n","protected":false},"author":1,"featured_media":0,"parent":0,"menu_order":0,"comment_status":"closed","ping_status":"closed","template":"","meta":{"footnotes":""},"class_list":["post-1397","page","type-page","status-publish","hentry"],"_links":{"self":[{"href":"https:\/\/www.crucearosie2.ro\/index.php?rest_route=\/wp\/v2\/pages\/1397","targetHints":{"allow":["GET"]}}],"collection":[{"href":"https:\/\/www.crucearosie2.ro\/index.php?rest_route=\/wp\/v2\/pages"}],"about":[{"href":"https:\/\/www.crucearosie2.ro\/index.php?rest_route=\/wp\/v2\/types\/page"}],"author":[{"embeddable":true,"href":"https:\/\/www.crucearosie2.ro\/index.php?rest_route=\/wp\/v2\/users\/1"}],"replies":[{"embeddable":true,"href":"https:\/\/www.crucearosie2.ro\/index.php?rest_route=%2Fwp%2Fv2%2Fcomments&post=1397"}],"version-history":[{"count":19,"href":"https:\/\/www.crucearosie2.ro\/index.php?rest_route=\/wp\/v2\/pages\/1397\/revisions"}],"predecessor-version":[{"id":4959,"href":"https:\/\/www.crucearosie2.ro\/index.php?rest_route=\/wp\/v2\/pages\/1397\/revisions\/4959"}],"wp:attachment":[{"href":"https:\/\/www.crucearosie2.ro\/index.php?rest_route=%2Fwp%2Fv2%2Fmedia&parent=1397"}],"curies":[{"name":"wp","href":"https:\/\/api.w.org\/{rel}","templated":true}]}}